{"id":4209,"date":"2022-05-25T09:49:39","date_gmt":"2022-05-25T07:49:39","guid":{"rendered":"https:\/\/equigetic.com\/imprint\/"},"modified":"2023-08-03T11:17:40","modified_gmt":"2023-08-03T09:17:40","slug":"imprint","status":"publish","type":"page","link":"https:\/\/equigetic.com\/en\/imprint\/","title":{"rendered":"Imprint"},"content":{"rendered":"\t\t<div data-elementor-type=\"wp-page\" data-elementor-id=\"4209\" class=\"elementor elementor-4209 elementor-227\" data-elementor-post-type=\"page\">\n\t\t\t\t\t\t<section class=\"elementor-section elementor-top-section elementor-element elementor-element-9dccaaa elementor-section-height-min-height elementor-section-boxed elementor-section-height-default elementor-section-items-middle\" data-id=\"9dccaaa\" data-element_type=\"section\" data-e-type=\"section\" data-settings=\"{&quot;background_background&quot;:&quot;classic&quot;}\">\n\t\t\t\t\t\t\t<div class=\"elementor-background-overlay\"><\/div>\n\t\t\t\t\t\t\t<div class=\"elementor-container elementor-column-gap-default\">\n\t\t\t\t\t<div class=\"elementor-column elementor-col-100 elementor-top-column elementor-element elementor-element-7b29ddb\" data-id=\"7b29ddb\" data-element_type=\"column\" data-e-type=\"column\">\n\t\t\t<div class=\"elementor-widget-wrap elementor-element-populated\">\n\t\t\t\t\t\t<div class=\"elementor-element elementor-element-29b8ef6 elementor-widget elementor-widget-spacer\" data-id=\"29b8ef6\" data-element_type=\"widget\" data-e-type=\"widget\" data-widget_type=\"spacer.default\">\n\t\t\t\t<div class=\"elementor-widget-container\">\n\t\t\t\t\t\t\t<div class=\"elementor-spacer\">\n\t\t\t<div class=\"elementor-spacer-inner\"><\/div>\n\t\t<\/div>\n\t\t\t\t\t\t<\/div>\n\t\t\t\t<\/div>\n\t\t\t\t<div class=\"elementor-element elementor-element-6e06111 elementor-widget elementor-widget-heading\" data-id=\"6e06111\" data-element_type=\"widget\" data-e-type=\"widget\" data-widget_type=\"heading.default\">\n\t\t\t\t<div class=\"elementor-widget-container\">\n\t\t\t\t\t<h1 class=\"elementor-heading-title elementor-size-default\">Imprint<\/h1>\t\t\t\t<\/div>\n\t\t\t\t<\/div>\n\t\t\t\t\t<\/div>\n\t\t<\/div>\n\t\t\t\t\t<\/div>\n\t\t<\/section>\n\t\t\t\t<section class=\"elementor-section elementor-top-section elementor-element elementor-element-f693369 elementor-section-boxed elementor-section-height-default elementor-section-height-default\" data-id=\"f693369\" data-element_type=\"section\" data-e-type=\"section\">\n\t\t\t\t\t\t<div class=\"elementor-container elementor-column-gap-default\">\n\t\t\t\t\t<div class=\"elementor-column elementor-col-100 elementor-top-column elementor-element elementor-element-a2e3023\" data-id=\"a2e3023\" data-element_type=\"column\" data-e-type=\"column\">\n\t\t\t<div class=\"elementor-widget-wrap elementor-element-populated\">\n\t\t\t\t\t\t<div class=\"elementor-element elementor-element-178cf28 elementor-widget elementor-widget-text-editor\" data-id=\"178cf28\" data-element_type=\"widget\" data-e-type=\"widget\" data-widget_type=\"text-editor.default\">\n\t\t\t\t<div class=\"elementor-widget-container\">\n\t\t\t\t\t\t\t\t\t<p>Here you can find our legal notice and contact information.<\/p>\n<p>Administration &amp; Headquarters<br \/>Bioranch GmbH<br \/>Harkampsheide 19<br \/>48291 Telgte Germany<\/p>\n<p>Telephone: 0049 (0) 2504 70 99 250<\/p>\n<p>eMail: info@bioranch.de \u2022 Internet: www.bioranch.de<\/p>\n<p>Legal Information Registry Court:<br \/>Local court M\u00fcnster HRB 13969<br \/>VAT number: DE 227061811<br \/>Tax ID: 346 5870 4167<br \/>Managing Director: Andre Sch\u00e4fer<\/p>\n<p>Photos: Tina Sch\u00e4fer, Janine Fr\u00f6nd <a href=\"http:\/\/www.mamarazzi-foto.de\/\" target=\"_blank\" rel=\"noreferrer noopener\">mamarazzi-foto.de<\/a><\/p>\n<p>Website design:<a href=\"https:\/\/be-on.de\"> be-on! GmbH<\/a><\/p>\n<p>Note on online dispute resolution<\/p>\n<p>The EU Commission will provide an internet platform for the extrajudicial online settlement of disputes (&#8220;ODR platform&#8221;) for online contracts. The ODR platform will be accessible from the first quarter of 2016 at the following link: <a href=\"https:\/\/ec.europa.eu\/consumers\/odr\">https:\/\/ec.europa.eu\/consumers\/odr<\/a><\/p>\n\t\t\t\t\t\t\t\t<\/div>\n\t\t\t\t<\/div>\n\t\t\t\t\t<\/div>\n\t\t<\/div>\n\t\t\t\t\t<\/div>\n\t\t<\/section>\n\t\t\t\t<\/div>\n\t\t","protected":false},"excerpt":{"rendered":"<p>Imprint Here you can find our legal notice and contact information. Administration &amp; HeadquartersBioranch GmbHHarkampsheide 1948291 Telgte Germany Telephone: 0049 (0) 2504 70 99 250 eMail: info@bioranch.de \u2022 Internet: www.bioranch.de Legal Information Registry Court:Local court M\u00fcnster HRB 13969VAT number: DE 227061811Tax ID: 346 5870 4167Managing Director: Andre Sch\u00e4fer Photos: Tina Sch\u00e4fer, Janine Fr\u00f6nd mamarazzi-foto.de Website [&hellip;]<\/p>\n","protected":false},"author":1,"featured_media":0,"parent":0,"menu_order":0,"comment_status":"closed","ping_status":"closed","template":"","meta":{"_acf_changed":false,"footnotes":""},"class_list":["post-4209","page","type-page","status-publish","hentry"],"acf":[],"yoast_head":"<!-- This site is optimized with the Yoast SEO Premium plugin v20.12 (Yoast SEO v26.9) - https:\/\/yoast.com\/product\/yoast-seo-premium-wordpress\/ -->\n<title>Imprint - Equigetic - Tina Sch\u00e4fer<\/title>\n<meta name=\"robots\" content=\"index, follow, max-snippet:-1, max-image-preview:large, max-video-preview:-1\" \/>\n<link rel=\"canonical\" href=\"https:\/\/equigetic.com\/en\/imprint\/\" \/>\n<meta property=\"og:locale\" content=\"en_US\" \/>\n<meta property=\"og:type\" content=\"article\" \/>\n<meta property=\"og:title\" content=\"Imprint\" \/>\n<meta property=\"og:description\" content=\"Imprint Here you can find our legal notice and contact information. Administration &amp; HeadquartersBioranch GmbHHarkampsheide 1948291 Telgte Germany Telephone: 0049 (0) 2504 70 99 250 eMail: info@bioranch.de \u2022 Internet: www.bioranch.de Legal Information Registry Court:Local court M\u00fcnster HRB 13969VAT number: DE 227061811Tax ID: 346 5870 4167Managing Director: Andre Sch\u00e4fer Photos: Tina Sch\u00e4fer, Janine Fr\u00f6nd mamarazzi-foto.de Website [&hellip;]\" \/>\n<meta property=\"og:url\" content=\"https:\/\/equigetic.com\/en\/imprint\/\" \/>\n<meta property=\"og:site_name\" content=\"Equigetic - Tina Sch\u00e4fer\" \/>\n<meta property=\"article:modified_time\" content=\"2023-08-03T09:17:40+00:00\" \/>\n<meta name=\"twitter:card\" content=\"summary_large_image\" \/>\n<meta name=\"twitter:label1\" content=\"Est. reading time\" \/>\n\t<meta name=\"twitter:data1\" content=\"1 minute\" \/>\n<script type=\"application\/ld+json\" class=\"yoast-schema-graph\">{\"@context\":\"https:\/\/schema.org\",\"@graph\":[{\"@type\":\"WebPage\",\"@id\":\"https:\/\/equigetic.com\/en\/imprint\/\",\"url\":\"https:\/\/equigetic.com\/en\/imprint\/\",\"name\":\"Imprint - Equigetic - Tina Sch\u00e4fer\",\"isPartOf\":{\"@id\":\"https:\/\/equigetic.com\/#website\"},\"datePublished\":\"2022-05-25T07:49:39+00:00\",\"dateModified\":\"2023-08-03T09:17:40+00:00\",\"breadcrumb\":{\"@id\":\"https:\/\/equigetic.com\/en\/imprint\/#breadcrumb\"},\"inLanguage\":\"en-US\",\"potentialAction\":[{\"@type\":\"ReadAction\",\"target\":[\"https:\/\/equigetic.com\/en\/imprint\/\"]}]},{\"@type\":\"BreadcrumbList\",\"@id\":\"https:\/\/equigetic.com\/en\/imprint\/#breadcrumb\",\"itemListElement\":[{\"@type\":\"ListItem\",\"position\":1,\"name\":\"Startseite\",\"item\":\"https:\/\/equigetic.com\/en\/homepage\/\"},{\"@type\":\"ListItem\",\"position\":2,\"name\":\"Imprint\"}]},{\"@type\":\"WebSite\",\"@id\":\"https:\/\/equigetic.com\/#website\",\"url\":\"https:\/\/equigetic.com\/\",\"name\":\"Equigetic - Tina Sch\u00e4fer\",\"description\":\"\",\"potentialAction\":[{\"@type\":\"SearchAction\",\"target\":{\"@type\":\"EntryPoint\",\"urlTemplate\":\"https:\/\/equigetic.com\/?s={search_term_string}\"},\"query-input\":{\"@type\":\"PropertyValueSpecification\",\"valueRequired\":true,\"valueName\":\"search_term_string\"}}],\"inLanguage\":\"en-US\"}]}<\/script>\n<!-- \/ Yoast SEO Premium plugin. -->","yoast_head_json":{"title":"Imprint - Equigetic - Tina Sch\u00e4fer","robots":{"index":"index","follow":"follow","max-snippet":"max-snippet:-1","max-image-preview":"max-image-preview:large","max-video-preview":"max-video-preview:-1"},"canonical":"https:\/\/equigetic.com\/en\/imprint\/","og_locale":"en_US","og_type":"article","og_title":"Imprint","og_description":"Imprint Here you can find our legal notice and contact information. Administration &amp; HeadquartersBioranch GmbHHarkampsheide 1948291 Telgte Germany Telephone: 0049 (0) 2504 70 99 250 eMail: info@bioranch.de \u2022 Internet: www.bioranch.de Legal Information Registry Court:Local court M\u00fcnster HRB 13969VAT number: DE 227061811Tax ID: 346 5870 4167Managing Director: Andre Sch\u00e4fer Photos: Tina Sch\u00e4fer, Janine Fr\u00f6nd mamarazzi-foto.de Website [&hellip;]","og_url":"https:\/\/equigetic.com\/en\/imprint\/","og_site_name":"Equigetic - Tina Sch\u00e4fer","article_modified_time":"2023-08-03T09:17:40+00:00","twitter_card":"summary_large_image","twitter_misc":{"Est. reading time":"1 minute"},"schema":{"@context":"https:\/\/schema.org","@graph":[{"@type":"WebPage","@id":"https:\/\/equigetic.com\/en\/imprint\/","url":"https:\/\/equigetic.com\/en\/imprint\/","name":"Imprint - Equigetic - Tina Sch\u00e4fer","isPartOf":{"@id":"https:\/\/equigetic.com\/#website"},"datePublished":"2022-05-25T07:49:39+00:00","dateModified":"2023-08-03T09:17:40+00:00","breadcrumb":{"@id":"https:\/\/equigetic.com\/en\/imprint\/#breadcrumb"},"inLanguage":"en-US","potentialAction":[{"@type":"ReadAction","target":["https:\/\/equigetic.com\/en\/imprint\/"]}]},{"@type":"BreadcrumbList","@id":"https:\/\/equigetic.com\/en\/imprint\/#breadcrumb","itemListElement":[{"@type":"ListItem","position":1,"name":"Startseite","item":"https:\/\/equigetic.com\/en\/homepage\/"},{"@type":"ListItem","position":2,"name":"Imprint"}]},{"@type":"WebSite","@id":"https:\/\/equigetic.com\/#website","url":"https:\/\/equigetic.com\/","name":"Equigetic - Tina Sch\u00e4fer","description":"","potentialAction":[{"@type":"SearchAction","target":{"@type":"EntryPoint","urlTemplate":"https:\/\/equigetic.com\/?s={search_term_string}"},"query-input":{"@type":"PropertyValueSpecification","valueRequired":true,"valueName":"search_term_string"}}],"inLanguage":"en-US"}]}},"_links":{"self":[{"href":"https:\/\/equigetic.com\/en\/wp-json\/wp\/v2\/pages\/4209","targetHints":{"allow":["GET"]}}],"collection":[{"href":"https:\/\/equigetic.com\/en\/wp-json\/wp\/v2\/pages"}],"about":[{"href":"https:\/\/equigetic.com\/en\/wp-json\/wp\/v2\/types\/page"}],"author":[{"embeddable":true,"href":"https:\/\/equigetic.com\/en\/wp-json\/wp\/v2\/users\/1"}],"replies":[{"embeddable":true,"href":"https:\/\/equigetic.com\/en\/wp-json\/wp\/v2\/comments?post=4209"}],"version-history":[{"count":1,"href":"https:\/\/equigetic.com\/en\/wp-json\/wp\/v2\/pages\/4209\/revisions"}],"predecessor-version":[{"id":4210,"href":"https:\/\/equigetic.com\/en\/wp-json\/wp\/v2\/pages\/4209\/revisions\/4210"}],"wp:attachment":[{"href":"https:\/\/equigetic.com\/en\/wp-json\/wp\/v2\/media?parent=4209"}],"curies":[{"name":"wp","href":"https:\/\/api.w.org\/{rel}","templated":true}]}}